{"id":19,"date":"2010-11-07T20:09:07","date_gmt":"2010-11-07T20:09:07","guid":{"rendered":"http:\/\/there-and-back-again.eu\/deutsch\/"},"modified":"2012-08-28T15:51:20","modified_gmt":"2012-08-28T15:51:20","slug":"die-reise","status":"publish","type":"page","link":"https:\/\/there-and-back-again.eu\/deutsch\/die-reise\/","title":{"rendered":"Die Reise"},"content":{"rendered":"<p><strong>Das Motto<\/strong><\/p>\n<p>There and back again, in Anlehnung an die Abenteuer des kleinen Hobbits entstanden, ist das Motto unserer Reise, die uns von August 2011 bis Juli 2012 einmal rund um den asiatischen Teil Eurasiens f\u00fchren wird.<\/p>\n<p>Die Welt, in deren Kontext der Kleine Hobbit 1937 entstand, besteht in dieser Form nicht mehr und somit m\u00fcssen wir, anders als Bilbo, auch nicht bef\u00fcrchten, auf unserem Weg nach Osten\u00a0 mit finsteren M\u00e4chten konfrontiert zu werden. Wir lassen somit getrost unsere R\u00fcstung zu Hause und legen uns stattdessen diesen Blog zu, um live aus den Weiten des Ostens zu berichten. Im Gegensatz zu Bilbo Beutlin wollen wir mit keinem eroberten Ring zur\u00fcckkehren &#8211; selbigen gibt es n\u00e4mlich schon zu Reisebeginn, sondern lediglich mit einem gr\u00f6\u00dferen Verst\u00e4ndnis unserer Welt und vielen spannenden Geschichten.<\/p>\n<p><strong>Die Fortbewegungsmittel<\/strong><\/p>\n<p>Wir m\u00f6chten nicht einfach \u00fcber die Landschaften und Menschen hinwegfliegen, um dann pl\u00f6tzlich in einer v\u00f6llig fremden Welt zu stehen, sondern die kleinen und gro\u00dfen Ver\u00e4nderungen und Kontinuit\u00e4ten erleben. Daher werden wir uns mit Z\u00fcgen und Bussen sowie per Anhalter fortbewegen. Auch eine gute Idee f\u00fcr den Klimaschutz. Einfach ein Jahr reisen, statt jeden Sommer in den Urlaub zu fliegen. Mal sehen, ob der zweite Teil dieses Plans auch funktioniert &#8230;<\/p>\n<p><strong>Die Route<\/strong><\/p>\n<p><strong> <\/strong>Anfang Juli 2011 finden zun\u00e4chst unsere M\u00f6bel ihr neues Zuhause auf dem Dachboden im sch\u00f6nen Evingsen\/Deutschland, bevor es dann Ende Juli nach Brodnica\/Polen geht, wo wir einen kleinen Zwischenstopp zwecks Eheschlie\u00dfung einlegen werden. Anschlie\u00dfend geht es dann mit dem Zug weiter \u00fcber Wei\u00dfrussland nach Moskau und von dort mit der Transsibirischen Eisenbahn nach Irkutsk. Danach haben wir nur grobe Pl\u00e4ne.Wir wollen die Mongolei, China und im Anschluss S\u00fcdostasien erkunden. Anschlie\u00dfend geht es dann auf den indischen Subkontinent und\u00a0 \u00fcber Persien und Teile der islamischen Welt in Richtung Europa.<\/p>\n<p>Probleme bereitet uns an dieser Stelle noch der \u00dcbergang von S\u00fcdostasien nach Indien, da die westlichen Grenzen Myanmars nach Bangladesch und Indien seit l\u00e4ngerer Zeit f\u00fcr Ausl\u00e4nder geschlossen sind. Wir hoffen daher auf irgendeine g\u00fcnstige Bootsverbindung zwischen S\u00fcdostasien und Indien. Sollte hier irgendjemand Informationen\/ Erfahrungen haben (g\u00fcnstige Frachtschiffverbindungen oder Hand-gegen-Koje auf Segelbooten [Segelkenntnisse vorhanden]), w\u00e4ren wir sehr dankbar.<\/p>\n<div style=\"height: 320px;\">\n<div style=\"position: absolute;\"><img src=\"http:\/\/www.stepmap.de\/getmapimg.php?id=128546&amp;w=480&amp;m=1\" alt=\"Reiseroute\" width=\"480\" usemap=\"#stepmapexportimg128546_480\" border=\"0\" \/> <\/p>\n<map name=\"stepmapexportimg128546_480\">\n<area title=\"Reiseroute\" shape=\"rect\" coords=\"0,0,480,480\" href=\"http:\/\/www.stepmap.de\/karte\/reiseroute-128546\" alt=\"Reiseroute\" target=\"_blank\" \/><\/map>\n<\/div>\n<\/div>\n<p>.<\/p>\n<p>Die aktuelle Route findet ihr auf der <a title=\"Live Reisebericht einer Asienreise von 2011 bis 2012\" href=\"http:\/\/there-and-back-again.eu\/deutsch\/\">Startseite<\/a>.<\/p>\n","protected":false},"excerpt":{"rendered":"<p>Das Motto There and back again, in Anlehnung an die Abenteuer des kleinen Hobbits entstanden, ist das Motto unserer Reise, die uns von August 2011 bis Juli 2012 einmal rund um den asiatischen Teil Eurasiens f\u00fchren wird. Die Welt, in &hellip; <a href=\"https:\/\/there-and-back-again.eu\/deutsch\/die-reise\/\">Weiterlesen <span class=\"meta-nav\">&rarr;<\/span><\/a><\/p>\n","protected":false},"author":6,"featured_media":0,"parent":0,"menu_order":1,"comment_status":"closed","ping_status":"closed","template":"","meta":[],"_links":{"self":[{"href":"https:\/\/there-and-back-again.eu\/deutsch\/wp-json\/wp\/v2\/pages\/19"}],"collection":[{"href":"https:\/\/there-and-back-again.eu\/deutsch\/wp-json\/wp\/v2\/pages"}],"about":[{"href":"https:\/\/there-and-back-again.eu\/deutsch\/wp-json\/wp\/v2\/types\/page"}],"author":[{"embeddable":true,"href":"https:\/\/there-and-back-again.eu\/deutsch\/wp-json\/wp\/v2\/users\/6"}],"replies":[{"embeddable":true,"href":"https:\/\/there-and-back-again.eu\/deutsch\/wp-json\/wp\/v2\/comments?post=19"}],"version-history":[{"count":41,"href":"https:\/\/there-and-back-again.eu\/deutsch\/wp-json\/wp\/v2\/pages\/19\/revisions"}],"predecessor-version":[{"id":44,"href":"https:\/\/there-and-back-again.eu\/deutsch\/wp-json\/wp\/v2\/pages\/19\/revisions\/44"}],"wp:attachment":[{"href":"https:\/\/there-and-back-again.eu\/deutsch\/wp-json\/wp\/v2\/media?parent=19"}],"curies":[{"name":"wp","href":"https:\/\/api.w.org\/{rel}","templated":true}]}}